{"id":8992,"date":"2021-02-02T10:48:35","date_gmt":"2021-02-02T10:48:35","guid":{"rendered":"https:\/\/classiclandys.com\/?page_id=8992"},"modified":"2021-02-02T10:52:05","modified_gmt":"2021-02-02T10:52:05","slug":"classic-landy-trophy","status":"publish","type":"page","link":"https:\/\/classiclandys.com\/en\/classic-landy-trophy\/","title":{"rendered":"Classic Landy Trophy"},"content":{"rendered":"<div class=\"wp-block-image\"><figure class=\"aligncenter size-large\"><img width=\"1024\" height=\"724\" src=\"https:\/\/classiclandys.com\/wp-content\/uploads\/2021\/02\/classic-landy-trophy-1-1024x724.png\" alt=\"\" class=\"wp-image-8993\" srcset=\"https:\/\/classiclandys.com\/wp-content\/uploads\/2021\/02\/classic-landy-trophy-1-1024x724.png 1024w, https:\/\/classiclandys.com\/wp-content\/uploads\/2021\/02\/classic-landy-trophy-1-300x212.png 300w, https:\/\/classiclandys.com\/wp-content\/uploads\/2021\/02\/classic-landy-trophy-1-768x543.png 768w, https:\/\/classiclandys.com\/wp-content\/uploads\/2021\/02\/classic-landy-trophy-1-1536x1086.png 1536w, https:\/\/classiclandys.com\/wp-content\/uploads\/2021\/02\/classic-landy-trophy-1-16x12.png 16w, https:\/\/classiclandys.com\/wp-content\/uploads\/2021\/02\/classic-landy-trophy-1-416x294.png 416w, https:\/\/classiclandys.com\/wp-content\/uploads\/2021\/02\/classic-landy-trophy-1.png 1600w\" sizes=\"(max-width: 1024px) 100vw, 1024px\" \/><figcaption>CLASSIC LANDY TROPHY<\/figcaption><\/figure><\/div>\n\n\n\n<p>Classic Landy Trophy es un evento donde se busca reunir a todos los aficionados y amantes del mundo Land Rover, espec\u00edficamente veh\u00edculos cl\u00e1sicos con al menos 25 a\u00f1os desde su fabricaci\u00f3n.<\/p>\n\n\n\n<p>Se trata de un rally de regularidad con una duraci\u00f3n de 5 d\u00edas por el sur de Marruecos. Esta competencia est\u00e1 dise\u00f1ada para unificar la navegaci\u00f3n, la conducci\u00f3n, el paisaje y la aventura.&nbsp;<\/p>\n\n\n\n<p>A trav\u00e9s de este encuentro queremos fomentar la comunidad que existe en el mundo de los Land Rover y seguir creando una familia tanto a nivel nacional como internacional.<br>Classic Landy Trophy no se caracteriza por ser una prueba cronometrada, ni una prueba de todoterrenos extrema, sino que, cada etapa est\u00e1 pensada para que se disfrute y se viva de una manera inolvidable, escogiendo tambi\u00e9n cada lugar de encuentro y alojamiento de una manera totalmente personalizada.<\/p>\n\n\n\n<div class=\"wp-block-buttons aligncenter\">\n<div class=\"wp-block-button is-style-outline\"><a class=\"wp-block-button__link\" href=\"https:\/\/juandiegorodriguezp.wixsite.com\/classiclandytrohpy\">PARTICIPA<\/a><\/div>\n<\/div>\n\n\n\n<p><\/p>\n<div class=\"sharing-default-minimal post-bottom\"><div class=\"nectar-social default\" data-position=\"\" data-color-override=\"override\"><div class=\"nectar-social-inner\"><a href=\"#\" class=\"nectar-love\" id=\"nectar-love-8992\" title=\"Love this\"> <i class=\"icon-salient-heart-2\"><\/i><span class=\"love-text\">Love<\/span><span class=\"total_loves\"><span class=\"nectar-love-count\">0<\/span><\/span><\/a><a class='facebook-share nectar-sharing' href='#' title='Share this'> <i class='fa fa-facebook'><\/i> <span class='social-text'>Share<\/span> <\/a><a class='twitter-share nectar-sharing' href='#' title='Tweet this'> <i class='fa fa-twitter'><\/i> <span class='social-text'>Tweet<\/span> <\/a><a class='linkedin-share nectar-sharing' href='#' title='Share this'> <i class='fa fa-linkedin'><\/i> <span class='social-text'>Share<\/span> <\/a><a class='pinterest-share nectar-sharing' href='#' title='Pin this'> <i class='fa fa-pinterest'><\/i> <span class='social-text'>Pin<\/span> <\/a><\/div><\/div><\/div>","protected":false},"excerpt":{"rendered":"<p>Classic Landy Trophy es un evento donde se busca reunir a todos los aficionados y amantes del mundo Land Rover, espec\u00edficamente veh\u00edculos cl\u00e1sicos con al menos 25 a\u00f1os desde su fabricaci\u00f3n. Se trata de un rally de regularidad con una duraci\u00f3n de 5 d\u00edas por el sur de Marruecos. Esta competencia est\u00e1 dise\u00f1ada para unificar [&hellip;]<\/p>","protected":false},"author":1,"featured_media":0,"parent":0,"menu_order":0,"comment_status":"closed","ping_status":"closed","template":"","meta":{"_mi_skip_tracking":false,"spay_email":""},"yoast_head":"<!-- This site is optimized with the Yoast SEO plugin v17.7.1 - https:\/\/yoast.com\/wordpress\/plugins\/seo\/ -->\n<title>Classic Landy Trophy &bull; Classic Landys<\/title>\n<meta name=\"robots\" content=\"index, follow, max-snippet:-1, max-image-preview:large, max-video-preview:-1\" \/>\n<link rel=\"canonical\" href=\"https:\/\/classiclandys.com\/en\/classic-landy-trophy\/\" \/>\n<meta property=\"og:locale\" content=\"en_GB\" \/>\n<meta property=\"og:type\" content=\"article\" \/>\n<meta property=\"og:title\" content=\"Classic Landy Trophy &bull; Classic Landys\" \/>\n<meta property=\"og:description\" content=\"Classic Landy Trophy es un evento donde se busca reunir a todos los aficionados y amantes del mundo Land Rover, espec\u00edficamente veh\u00edculos cl\u00e1sicos con al menos 25 a\u00f1os desde su fabricaci\u00f3n. Se trata de un rally de regularidad con una duraci\u00f3n de 5 d\u00edas por el sur de Marruecos. Esta competencia est\u00e1 dise\u00f1ada para unificar [&hellip;]\" \/>\n<meta property=\"og:url\" content=\"https:\/\/classiclandys.com\/en\/classic-landy-trophy\/\" \/>\n<meta property=\"og:site_name\" content=\"Classic Landys\" \/>\n<meta property=\"article:modified_time\" content=\"2021-02-02T10:52:05+00:00\" \/>\n<meta property=\"og:image\" content=\"https:\/\/classiclandys.com\/wp-content\/uploads\/2021\/02\/classic-landy-trophy-1-1024x724.png\" \/>\n<meta name=\"twitter:card\" content=\"summary_large_image\" \/>\n<meta name=\"twitter:label1\" content=\"Estimated reading time\" \/>\n\t<meta name=\"twitter:data1\" content=\"1 minute\" \/>\n<script type=\"application\/ld+json\" class=\"yoast-schema-graph\">{\"@context\":\"https:\/\/schema.org\",\"@graph\":[{\"@type\":\"WebSite\",\"@id\":\"https:\/\/classiclandys.com\/#website\",\"url\":\"https:\/\/classiclandys.com\/\",\"name\":\"Classic Landys\",\"description\":\"Restauraci\\u00f3n y Venta de Land Rovers\",\"potentialAction\":[{\"@type\":\"SearchAction\",\"target\":{\"@type\":\"EntryPoint\",\"urlTemplate\":\"https:\/\/classiclandys.com\/?s={search_term_string}\"},\"query-input\":\"required name=search_term_string\"}],\"inLanguage\":\"en-GB\"},{\"@type\":\"ImageObject\",\"@id\":\"https:\/\/classiclandys.com\/classic-landy-trophy\/#primaryimage\",\"inLanguage\":\"en-GB\",\"url\":\"https:\/\/classiclandys.com\/wp-content\/uploads\/2021\/02\/classic-landy-trophy-1.png\",\"contentUrl\":\"https:\/\/classiclandys.com\/wp-content\/uploads\/2021\/02\/classic-landy-trophy-1.png\",\"width\":1600,\"height\":1131},{\"@type\":\"WebPage\",\"@id\":\"https:\/\/classiclandys.com\/classic-landy-trophy\/#webpage\",\"url\":\"https:\/\/classiclandys.com\/classic-landy-trophy\/\",\"name\":\"Classic Landy Trophy &bull; Classic Landys\",\"isPartOf\":{\"@id\":\"https:\/\/classiclandys.com\/#website\"},\"primaryImageOfPage\":{\"@id\":\"https:\/\/classiclandys.com\/classic-landy-trophy\/#primaryimage\"},\"datePublished\":\"2021-02-02T10:48:35+00:00\",\"dateModified\":\"2021-02-02T10:52:05+00:00\",\"breadcrumb\":{\"@id\":\"https:\/\/classiclandys.com\/classic-landy-trophy\/#breadcrumb\"},\"inLanguage\":\"en-GB\",\"potentialAction\":[{\"@type\":\"ReadAction\",\"target\":[\"https:\/\/classiclandys.com\/classic-landy-trophy\/\"]}]},{\"@type\":\"BreadcrumbList\",\"@id\":\"https:\/\/classiclandys.com\/classic-landy-trophy\/#breadcrumb\",\"itemListElement\":[{\"@type\":\"ListItem\",\"position\":1,\"name\":\"Portada\",\"item\":\"https:\/\/classiclandys.com\/\"},{\"@type\":\"ListItem\",\"position\":2,\"name\":\"Classic Landy Trophy\"}]}]}<\/script>\n<!-- \/ Yoast SEO plugin. -->","yoast_head_json":{"title":"Classic Landy Trophy &bull; Classic Landys","robots":{"index":"index","follow":"follow","max-snippet":"max-snippet:-1","max-image-preview":"max-image-preview:large","max-video-preview":"max-video-preview:-1"},"canonical":"https:\/\/classiclandys.com\/en\/classic-landy-trophy\/","og_locale":"en_GB","og_type":"article","og_title":"Classic Landy Trophy &bull; Classic Landys","og_description":"Classic Landy Trophy es un evento donde se busca reunir a todos los aficionados y amantes del mundo Land Rover, espec\u00edficamente veh\u00edculos cl\u00e1sicos con al menos 25 a\u00f1os desde su fabricaci\u00f3n. Se trata de un rally de regularidad con una duraci\u00f3n de 5 d\u00edas por el sur de Marruecos. Esta competencia est\u00e1 dise\u00f1ada para unificar [&hellip;]","og_url":"https:\/\/classiclandys.com\/en\/classic-landy-trophy\/","og_site_name":"Classic Landys","article_modified_time":"2021-02-02T10:52:05+00:00","og_image":[{"url":"https:\/\/classiclandys.com\/wp-content\/uploads\/2021\/02\/classic-landy-trophy-1-1024x724.png"}],"twitter_card":"summary_large_image","twitter_misc":{"Estimated reading time":"1 minute"},"schema":{"@context":"https:\/\/schema.org","@graph":[{"@type":"WebSite","@id":"https:\/\/classiclandys.com\/#website","url":"https:\/\/classiclandys.com\/","name":"Classic Landys","description":"Restauraci\u00f3n y Venta de Land Rovers","potentialAction":[{"@type":"SearchAction","target":{"@type":"EntryPoint","urlTemplate":"https:\/\/classiclandys.com\/?s={search_term_string}"},"query-input":"required name=search_term_string"}],"inLanguage":"en-GB"},{"@type":"ImageObject","@id":"https:\/\/classiclandys.com\/classic-landy-trophy\/#primaryimage","inLanguage":"en-GB","url":"https:\/\/classiclandys.com\/wp-content\/uploads\/2021\/02\/classic-landy-trophy-1.png","contentUrl":"https:\/\/classiclandys.com\/wp-content\/uploads\/2021\/02\/classic-landy-trophy-1.png","width":1600,"height":1131},{"@type":"WebPage","@id":"https:\/\/classiclandys.com\/classic-landy-trophy\/#webpage","url":"https:\/\/classiclandys.com\/classic-landy-trophy\/","name":"Classic Landy Trophy &bull; Classic Landys","isPartOf":{"@id":"https:\/\/classiclandys.com\/#website"},"primaryImageOfPage":{"@id":"https:\/\/classiclandys.com\/classic-landy-trophy\/#primaryimage"},"datePublished":"2021-02-02T10:48:35+00:00","dateModified":"2021-02-02T10:52:05+00:00","breadcrumb":{"@id":"https:\/\/classiclandys.com\/classic-landy-trophy\/#breadcrumb"},"inLanguage":"en-GB","potentialAction":[{"@type":"ReadAction","target":["https:\/\/classiclandys.com\/classic-landy-trophy\/"]}]},{"@type":"BreadcrumbList","@id":"https:\/\/classiclandys.com\/classic-landy-trophy\/#breadcrumb","itemListElement":[{"@type":"ListItem","position":1,"name":"Portada","item":"https:\/\/classiclandys.com\/"},{"@type":"ListItem","position":2,"name":"Classic Landy Trophy"}]}]}},"_links":{"self":[{"href":"https:\/\/classiclandys.com\/en\/wp-json\/wp\/v2\/pages\/8992"}],"collection":[{"href":"https:\/\/classiclandys.com\/en\/wp-json\/wp\/v2\/pages"}],"about":[{"href":"https:\/\/classiclandys.com\/en\/wp-json\/wp\/v2\/types\/page"}],"author":[{"embeddable":true,"href":"https:\/\/classiclandys.com\/en\/wp-json\/wp\/v2\/users\/1"}],"replies":[{"embeddable":true,"href":"https:\/\/classiclandys.com\/en\/wp-json\/wp\/v2\/comments?post=8992"}],"version-history":[{"count":2,"href":"https:\/\/classiclandys.com\/en\/wp-json\/wp\/v2\/pages\/8992\/revisions"}],"predecessor-version":[{"id":8995,"href":"https:\/\/classiclandys.com\/en\/wp-json\/wp\/v2\/pages\/8992\/revisions\/8995"}],"wp:attachment":[{"href":"https:\/\/classiclandys.com\/en\/wp-json\/wp\/v2\/media?parent=8992"}],"curies":[{"name":"wp","href":"https:\/\/api.w.org\/{rel}","templated":true}]}}